{"id":8123,"date":"2020-10-14T15:43:09","date_gmt":"2020-10-14T15:43:09","guid":{"rendered":"http:\/\/mrsdashca.wpengine.com\/home\/"},"modified":"2020-12-16T17:49:11","modified_gmt":"2020-12-16T17:49:11","slug":"home","status":"publish","type":"page","link":"https:\/\/mrsdash.ca\/fr_ca\/","title":{"rendered":"Home"},"content":{"rendered":"\t\t<div data-elementor-type=\"wp-page\" data-elementor-id=\"8123\" class=\"elementor elementor-8123 elementor-7850\" data-elementor-post-type=\"page\">\n\t\t\t\t\t\t<section class=\"elementor-section elementor-top-section elementor-element elementor-element-e6fe404 elementor-section-stretched elementor-section-full_width elementor-section-height-default elementor-section-height-default\" data-id=\"e6fe404\" data-element_type=\"section\" data-e-type=\"section\" data-settings=\"{&quot;background_background&quot;:&quot;classic&quot;,&quot;stretch_section&quot;:&quot;section-stretched&quot;}\">\n\t\t\t\t\t\t\t<div class=\"elementor-background-overlay\"><\/div>\n\t\t\t\t\t\t\t<div class=\"elementor-container elementor-column-gap-default\">\n\t\t\t\t\t<div class=\"elementor-column elementor-col-100 elementor-top-column elementor-element elementor-element-92d7946\" data-id=\"92d7946\" data-element_type=\"column\" data-e-type=\"column\" data-settings=\"{&quot;background_background&quot;:&quot;classic&quot;}\">\n\t\t\t<div class=\"elementor-widget-wrap elementor-element-populated\">\n\t\t\t\t\t\t<section class=\"elementor-section elementor-inner-section elementor-element elementor-element-d662d74 elementor-section-full_width elementor-section-height-default elementor-section-height-default\" data-id=\"d662d74\" data-element_type=\"section\" data-e-type=\"section\">\n\t\t\t\t\t\t<div class=\"elementor-container elementor-column-gap-default\">\n\t\t\t\t\t<div class=\"elementor-column elementor-col-25 elementor-inner-column elementor-element elementor-element-3a4710f elementor-hidden-tablet elementor-hidden-phone\" data-id=\"3a4710f\" data-element_type=\"column\" data-e-type=\"column\">\n\t\t\t<div class=\"elementor-widget-wrap\">\n\t\t\t\t\t\t\t<\/div>\n\t\t<\/div>\n\t\t\t\t<div class=\"elementor-column elementor-col-50 elementor-inner-column elementor-element elementor-element-e2d4321\" data-id=\"e2d4321\" data-element_type=\"column\" data-e-type=\"column\">\n\t\t\t<div class=\"elementor-widget-wrap elementor-element-populated\">\n\t\t\t\t\t\t<div class=\"elementor-element elementor-element-97f7de9 elementor-widget elementor-widget-heading\" data-id=\"97f7de9\" data-element_type=\"widget\" data-e-type=\"widget\" data-widget_type=\"heading.default\">\n\t\t\t\t<div class=\"elementor-widget-container\">\n\t\t\t\t\t<h1 class=\"elementor-heading-title elementor-size-default\">LA REHAUSSEUR DE SAVEUR SANS SEL<sup>MD<\/sup><\/h1>\t\t\t\t<\/div>\n\t\t\t\t<\/div>\n\t\t\t\t<div class=\"elementor-element elementor-element-bb4a739 elementor-widget elementor-widget-text-editor\" data-id=\"bb4a739\" data-element_type=\"widget\" data-e-type=\"widget\" data-widget_type=\"text-editor.default\">\n\t\t\t\t<div class=\"elementor-widget-container\">\n\t\t\t\t\t\t\t\t\tEnsemble, nous pouvons transformer l\u2019alimentation pour toujours.\t\t\t\t\t\t\t\t<\/div>\n\t\t\t\t<\/div>\n\t\t\t\t\t<\/div>\n\t\t<\/div>\n\t\t\t\t<div class=\"elementor-column elementor-col-25 elementor-inner-column elementor-element elementor-element-3cca5c2 elementor-hidden-tablet elementor-hidden-phone\" data-id=\"3cca5c2\" data-element_type=\"column\" data-e-type=\"column\">\n\t\t\t<div class=\"elementor-widget-wrap\">\n\t\t\t\t\t\t\t<\/div>\n\t\t<\/div>\n\t\t\t\t\t<\/div>\n\t\t<\/section>\n\t\t\t\t\t<\/div>\n\t\t<\/div>\n\t\t\t\t\t<\/div>\n\t\t<\/section>\n\t\t\t\t<section class=\"elementor-section elementor-top-section elementor-element elementor-element-c821c12 elementor-section-full_width elementor-section-height-default elementor-section-height-default\" data-id=\"c821c12\" data-element_type=\"section\" data-e-type=\"section\">\n\t\t\t\t\t\t<div class=\"elementor-container elementor-column-gap-default\">\n\t\t\t\t\t<div class=\"elementor-column elementor-col-100 elementor-top-column elementor-element elementor-element-0e23094\" data-id=\"0e23094\" data-element_type=\"column\" data-e-type=\"column\">\n\t\t\t<div class=\"elementor-widget-wrap elementor-element-populated\">\n\t\t\t\t\t\t<div class=\"elementor-element elementor-element-9eb57cb elementor-widget elementor-widget-heading\" data-id=\"9eb57cb\" data-element_type=\"widget\" data-e-type=\"widget\" data-widget_type=\"heading.default\">\n\t\t\t\t<div class=\"elementor-widget-container\">\n\t\t\t\t\t<h2 class=\"elementor-heading-title elementor-size-default\">\u00c9PICES, SANS AJOUTER DE SEL.<\/h2>\t\t\t\t<\/div>\n\t\t\t\t<\/div>\n\t\t\t\t<div class=\"elementor-element elementor-element-8774c42 elementor-widget elementor-widget-text-editor\" data-id=\"8774c42\" data-element_type=\"widget\" data-e-type=\"widget\" data-widget_type=\"text-editor.default\">\n\t\t\t\t<div class=\"elementor-widget-container\">\n\t\t\t\t\t\t\t\t\tAvec notre m\u00e9langes d&rsquo;\u00e9pices et de fines herbes et les sachets de m\u00e9langes d&rsquo;assaisonnment, votre cuisine ne sera plus jamais ennuyeuse.\t\t\t\t\t\t\t\t<\/div>\n\t\t\t\t<\/div>\n\t\t\t\t<div class=\"elementor-element elementor-element-b2e0555 elementor-widget elementor-widget-shortcode\" data-id=\"b2e0555\" data-element_type=\"widget\" data-e-type=\"widget\" data-widget_type=\"shortcode.default\">\n\t\t\t\t<div class=\"elementor-widget-container\">\n\t\t\t\t\t    <div class=\"flex-grid flex-grid__columns\">\n              <div class=\"featured-products-carousel owl-carousel owl-theme\">\n                      <div class=\"featured-products__card\">\n              <a href=\"https:\/\/mrsdash.ca\/fr_ca\/product\/mrs-dash-table-blend\/\">\n                <div class=\"featured-products__img\">\n                  <img fetchpriority=\"high\" decoding=\"async\" width=\"450\" height=\"450\" src=\"https:\/\/mrsdash.ca\/wp-content\/uploads\/Untitled-10-450x450.png\" class=\"attachment-post-thumbnail-crop size-post-thumbnail-crop wp-post-image\" alt=\"Image of M\u00e9lange de table Dash\u00ae\" srcset=\"https:\/\/mrsdash.ca\/wp-content\/uploads\/Untitled-10-450x450.png 450w, https:\/\/mrsdash.ca\/wp-content\/uploads\/Untitled-10-300x300.png 300w, https:\/\/mrsdash.ca\/wp-content\/uploads\/Untitled-10-150x150.png 150w, https:\/\/mrsdash.ca\/wp-content\/uploads\/Untitled-10-768x768.png 768w, https:\/\/mrsdash.ca\/wp-content\/uploads\/Untitled-10-600x600.png 600w, https:\/\/mrsdash.ca\/wp-content\/uploads\/Untitled-10-100x100.png 100w, https:\/\/mrsdash.ca\/wp-content\/uploads\/Untitled-10.png 900w\" sizes=\"(max-width: 450px) 100vw, 450px\" \/>                <\/div>\n                <div class=\"featured-products__card-content\">\n                  <div class=\"featured-products__card-title\">\n                    M\u00e9lange de table Dash\u00ae                  <\/div>\n                <\/div>\n              <\/a>\n            <\/div>\n                    <div class=\"featured-products__card\">\n              <a href=\"https:\/\/mrsdash.ca\/fr_ca\/product\/mrs-dash-garlic-herb-seasoning-blend\/\">\n                <div class=\"featured-products__img\">\n                  <img decoding=\"async\" width=\"450\" height=\"450\" src=\"https:\/\/mrsdash.ca\/wp-content\/uploads\/garlic-herb-70g-450x450.png\" class=\"attachment-post-thumbnail-crop size-post-thumbnail-crop wp-post-image\" alt=\"Image of M\u00e9lange d\u2019assaisonnements ail et fines herbes Dash\u00ae\" srcset=\"https:\/\/mrsdash.ca\/wp-content\/uploads\/garlic-herb-70g-450x450.png 450w, https:\/\/mrsdash.ca\/wp-content\/uploads\/garlic-herb-70g-300x300.png 300w, https:\/\/mrsdash.ca\/wp-content\/uploads\/garlic-herb-70g-150x150.png 150w, https:\/\/mrsdash.ca\/wp-content\/uploads\/garlic-herb-70g-768x768.png 768w, https:\/\/mrsdash.ca\/wp-content\/uploads\/garlic-herb-70g-600x600.png 600w, https:\/\/mrsdash.ca\/wp-content\/uploads\/garlic-herb-70g-100x100.png 100w, https:\/\/mrsdash.ca\/wp-content\/uploads\/garlic-herb-70g.png 900w\" sizes=\"(max-width: 450px) 100vw, 450px\" \/>                <\/div>\n                <div class=\"featured-products__card-content\">\n                  <div class=\"featured-products__card-title\">\n                    M\u00e9lange d\u2019assaisonnements ail et fines herbes Dash\u00ae                  <\/div>\n                <\/div>\n              <\/a>\n            <\/div>\n                    <div class=\"featured-products__card\">\n              <a href=\"https:\/\/mrsdash.ca\/fr_ca\/product\/mrs-dash-original-blend\/\">\n                <div class=\"featured-products__img\">\n                  <img decoding=\"async\" width=\"450\" height=\"450\" src=\"https:\/\/mrsdash.ca\/wp-content\/uploads\/original-blend-70g-450x450.png\" class=\"attachment-post-thumbnail-crop size-post-thumbnail-crop wp-post-image\" alt=\"Image of M\u00e9lange d\u2019assaisonnements original Dash\u00ae\" srcset=\"https:\/\/mrsdash.ca\/wp-content\/uploads\/original-blend-70g-450x450.png 450w, https:\/\/mrsdash.ca\/wp-content\/uploads\/original-blend-70g-300x300.png 300w, https:\/\/mrsdash.ca\/wp-content\/uploads\/original-blend-70g-150x150.png 150w, https:\/\/mrsdash.ca\/wp-content\/uploads\/original-blend-70g-768x768.png 768w, https:\/\/mrsdash.ca\/wp-content\/uploads\/original-blend-70g-600x600.png 600w, https:\/\/mrsdash.ca\/wp-content\/uploads\/original-blend-70g-100x100.png 100w, https:\/\/mrsdash.ca\/wp-content\/uploads\/original-blend-70g.png 900w\" sizes=\"(max-width: 450px) 100vw, 450px\" \/>                <\/div>\n                <div class=\"featured-products__card-content\">\n                  <div class=\"featured-products__card-title\">\n                    M\u00e9lange d\u2019assaisonnements original Dash\u00ae                  <\/div>\n                <\/div>\n              <\/a>\n            <\/div>\n                    <div class=\"featured-products__card\">\n              <a href=\"https:\/\/mrsdash.ca\/fr_ca\/product\/mrs-dash-lemon-pepper-seasoning-blend\/\">\n                <div class=\"featured-products__img\">\n                  <img loading=\"lazy\" decoding=\"async\" width=\"450\" height=\"450\" src=\"https:\/\/mrsdash.ca\/wp-content\/uploads\/lemon-pepper-70g-450x450.png\" class=\"attachment-post-thumbnail-crop size-post-thumbnail-crop wp-post-image\" alt=\"Image of M\u00e9lange d\u2019assaisonnements citron et poivre Dash\u00ae\" srcset=\"https:\/\/mrsdash.ca\/wp-content\/uploads\/lemon-pepper-70g-450x450.png 450w, https:\/\/mrsdash.ca\/wp-content\/uploads\/lemon-pepper-70g-300x300.png 300w, https:\/\/mrsdash.ca\/wp-content\/uploads\/lemon-pepper-70g-150x150.png 150w, https:\/\/mrsdash.ca\/wp-content\/uploads\/lemon-pepper-70g-768x768.png 768w, https:\/\/mrsdash.ca\/wp-content\/uploads\/lemon-pepper-70g-600x600.png 600w, https:\/\/mrsdash.ca\/wp-content\/uploads\/lemon-pepper-70g-100x100.png 100w, https:\/\/mrsdash.ca\/wp-content\/uploads\/lemon-pepper-70g.png 900w\" sizes=\"(max-width: 450px) 100vw, 450px\" \/>                <\/div>\n                <div class=\"featured-products__card-content\">\n                  <div class=\"featured-products__card-title\">\n                    M\u00e9lange d\u2019assaisonnements citron et poivre Dash\u00ae                  <\/div>\n                <\/div>\n              <\/a>\n            <\/div>\n                              <\/div>\n                  <\/div>\n      \t\t<div class=\"elementor-shortcode\"><\/div>\n\t\t\t\t\t\t<\/div>\n\t\t\t\t<\/div>\n\t\t\t\t<div class=\"elementor-element elementor-element-1c547e5 elementor-align-center elementor-widget elementor-widget-button\" data-id=\"1c547e5\" data-element_type=\"widget\" data-e-type=\"widget\" data-widget_type=\"button.default\">\n\t\t\t\t<div class=\"elementor-widget-container\">\n\t\t\t\t\t\t\t\t\t<div class=\"elementor-button-wrapper\">\n\t\t\t\t\t<a class=\"elementor-button elementor-button-link elementor-size-md\" href=\"https:\/\/mrsdash.ca\/products\/\">\n\t\t\t\t\t\t<span class=\"elementor-button-content-wrapper\">\n\t\t\t\t\t\t\t\t\t<span class=\"elementor-button-text\">Voir Produits<\/span>\n\t\t\t\t\t<\/span>\n\t\t\t\t\t<\/a>\n\t\t\t\t<\/div>\n\t\t\t\t\t\t\t\t<\/div>\n\t\t\t\t<\/div>\n\t\t\t\t\t<\/div>\n\t\t<\/div>\n\t\t\t\t\t<\/div>\n\t\t<\/section>\n\t\t\t\t<section class=\"elementor-section elementor-top-section elementor-element elementor-element-a07b054 elementor-section-boxed elementor-section-height-default elementor-section-height-default\" data-id=\"a07b054\" data-element_type=\"section\" data-e-type=\"section\" data-settings=\"{&quot;background_background&quot;:&quot;classic&quot;}\">\n\t\t\t\t\t\t<div class=\"elementor-container elementor-column-gap-default\">\n\t\t\t\t\t<div class=\"elementor-column elementor-col-100 elementor-top-column elementor-element elementor-element-4ca04be\" data-id=\"4ca04be\" data-element_type=\"column\" data-e-type=\"column\">\n\t\t\t<div class=\"elementor-widget-wrap elementor-element-populated\">\n\t\t\t\t\t\t<div class=\"elementor-element elementor-element-17f76df elementor-widget elementor-widget-heading\" data-id=\"17f76df\" data-element_type=\"widget\" data-e-type=\"widget\" data-widget_type=\"heading.default\">\n\t\t\t\t<div class=\"elementor-widget-container\">\n\t\t\t\t\t<h2 class=\"elementor-heading-title elementor-size-default\">SANS SEL N'A JAMAIS EU SI BON GO\u00dbT.<\/h2>\t\t\t\t<\/div>\n\t\t\t\t<\/div>\n\t\t\t\t<div class=\"elementor-element elementor-element-16337c9 elementor-widget elementor-widget-text-editor\" data-id=\"16337c9\" data-element_type=\"widget\" data-e-type=\"widget\" data-widget_type=\"text-editor.default\">\n\t\t\t\t<div class=\"elementor-widget-container\">\n\t\t\t\t\t\t\t\t\tTrouvez des id\u00e9es de recettes pour pr\u00e9parer des repas rapides de 30 minutes ou des repas \u00e0 la cuisson lente.\t\t\t\t\t\t\t\t<\/div>\n\t\t\t\t<\/div>\n\t\t\t\t<div class=\"elementor-element elementor-element-6e15bed elementor-widget elementor-widget-shortcode\" data-id=\"6e15bed\" data-element_type=\"widget\" data-e-type=\"widget\" data-widget_type=\"shortcode.default\">\n\t\t\t\t<div class=\"elementor-widget-container\">\n\t\t\t\t\t    <div class=\"flex-grid\">\n              <div class=\"featured-posts-carousel owl-carousel owl-theme\">\n                      <div class=\"featured-recipes__recipe-card\">\n            <a href=\"https:\/\/mrsdash.ca\/fr_ca\/recipe\/seasoned-pork-chops\/\">\n              <div class=\"featured-recipes__img\">\n              <img loading=\"lazy\" decoding=\"async\" width=\"450\" height=\"350\" src=\"https:\/\/mrsdash.ca\/wp-content\/uploads\/SeasonedPorkChops-1-450x350.jpeg\" class=\"attachment-post-thumbnail-crop size-post-thumbnail-crop wp-post-image\" alt=\"Image of C\u00f4telettes de porc assaisonn\u00e9es Recette\" \/>              <\/div>\n              <div class=\"featured-recipes__card-content\">\n                <div class=\"featured-recipes__card-title\">\n                  C\u00f4telettes de porc assaisonn\u00e9es Recette                <\/div>\n\t\t\t\t<div>\n\t\t\t\tToujours avoir des c\u00f4telettes de porc congel\u00e9es \u00e0 disposition pour un souper de semaine facile et rapide \u00e0 pr\u00e9parer.\t\t\t\t<\/div>\n              <\/div>\n            <\/a>\n          <\/div>\n                    <div class=\"featured-recipes__recipe-card\">\n            <a href=\"https:\/\/mrsdash.ca\/fr_ca\/recipe\/garlic-and-herb-tortellini\/\">\n              <div class=\"featured-recipes__img\">\n              <img loading=\"lazy\" decoding=\"async\" width=\"450\" height=\"350\" src=\"https:\/\/mrsdash.ca\/wp-content\/uploads\/GarlicandHerbTortellini-450x350.jpg\" class=\"attachment-post-thumbnail-crop size-post-thumbnail-crop wp-post-image\" alt=\"Image of Tortellini \u00e0 l\u2019ail et aux herbes Recette\" \/>              <\/div>\n              <div class=\"featured-recipes__card-content\">\n                <div class=\"featured-recipes__card-title\">\n                  Tortellini \u00e0 l\u2019ail et aux herbes Recette                <\/div>\n\t\t\t\t<div>\n\t\t\t\tCr\u00e9ez un repas rapide avec des tortellinis, des champignons et des assaisonnements \u00e0 l\u2019ail et aux herbes.\t\t\t\t<\/div>\n              <\/div>\n            <\/a>\n          <\/div>\n                    <div class=\"featured-recipes__recipe-card\">\n            <a href=\"https:\/\/mrsdash.ca\/fr_ca\/recipe\/lip-smackin-honey-garlic-ribs-with-grilled-zucchini\/\">\n              <div class=\"featured-recipes__img\">\n              <img loading=\"lazy\" decoding=\"async\" width=\"450\" height=\"350\" src=\"https:\/\/mrsdash.ca\/wp-content\/uploads\/LipSmackinHoneyGarlicRibswithGrilledZucchini-450x350.jpg\" class=\"attachment-post-thumbnail-crop size-post-thumbnail-crop wp-post-image\" alt=\"Image of C\u00f4tes lev\u00e9es au miel et \u00e0 l&rsquo;ail \u00e0 s&rsquo;en l\u00e9cher les doigts, accompagn\u00e9es de courgettes grill\u00e9es Recette\" \/>              <\/div>\n              <div class=\"featured-recipes__card-content\">\n                <div class=\"featured-recipes__card-title\">\n                  C\u00f4tes lev\u00e9es au miel et \u00e0 l&rsquo;ail \u00e0 s&rsquo;en l\u00e9cher les doigts, accompagn\u00e9es de courgettes grill\u00e9es Recette                <\/div>\n\t\t\t\t<div>\n\t\t\t\tD\u00e9licieuses c\u00f4tes lev\u00e9es avec du riz et des courgettes.\t\t\t\t<\/div>\n              <\/div>\n            <\/a>\n          <\/div>\n                    <div class=\"featured-recipes__recipe-card\">\n            <a href=\"https:\/\/mrsdash.ca\/fr_ca\/recipe\/roasted-potato-wedges\/\">\n              <div class=\"featured-recipes__img\">\n              <img loading=\"lazy\" decoding=\"async\" width=\"450\" height=\"350\" src=\"https:\/\/mrsdash.ca\/wp-content\/uploads\/RoastedPotatoWedges-450x350.jpg\" class=\"attachment-post-thumbnail-crop size-post-thumbnail-crop wp-post-image\" alt=\"Image of Pommes de terre r\u00f4ties Recette\" \/>              <\/div>\n              <div class=\"featured-recipes__card-content\">\n                <div class=\"featured-recipes__card-title\">\n                  Pommes de terre r\u00f4ties Recette                <\/div>\n\t\t\t\t<div>\n\t\t\t\tCroustillantes et \u00e9pic\u00e9es \u00e0 l\u2019ext\u00e9rieur et tendres \u00e0 l\u2019int\u00e9rieur, parfaites avec le poulet, les hamburgers et comme amuse-gueules.\t\t\t\t<\/div>\n              <\/div>\n            <\/a>\n          <\/div>\n                              <\/div>\n                  <\/div>\n      \t\t<div class=\"elementor-shortcode\"><\/div>\n\t\t\t\t\t\t<\/div>\n\t\t\t\t<\/div>\n\t\t\t\t<div class=\"elementor-element elementor-element-ad5f0bf elementor-align-center elementor-widget elementor-widget-button\" data-id=\"ad5f0bf\" data-element_type=\"widget\" data-e-type=\"widget\" data-widget_type=\"button.default\">\n\t\t\t\t<div class=\"elementor-widget-container\">\n\t\t\t\t\t\t\t\t\t<div class=\"elementor-button-wrapper\">\n\t\t\t\t\t<a class=\"elementor-button elementor-button-link elementor-size-md\" href=\"https:\/\/mrsdash.ca\/fr_ca\/recipes\/\">\n\t\t\t\t\t\t<span class=\"elementor-button-content-wrapper\">\n\t\t\t\t\t\t\t\t\t<span class=\"elementor-button-text\">Voir Recettes<\/span>\n\t\t\t\t\t<\/span>\n\t\t\t\t\t<\/a>\n\t\t\t\t<\/div>\n\t\t\t\t\t\t\t\t<\/div>\n\t\t\t\t<\/div>\n\t\t\t\t\t<\/div>\n\t\t<\/div>\n\t\t\t\t\t<\/div>\n\t\t<\/section>\n\t\t\t\t<\/div>\n\t\t","protected":false},"excerpt":{"rendered":"<p>LA REHAUSSEUR DE SAVEUR SANS SELMD Ensemble, nous pouvons transformer l\u2019alimentation pour toujours. \u00c9PICES, SANS AJOUTER DE SEL. Avec notre m\u00e9langes d&rsquo;\u00e9pices et de fines herbes et les sachets de m\u00e9langes d&rsquo;assaisonnment, votre cuisine ne sera plus jamais ennuyeuse. Voir Produits SANS SEL N&rsquo;A JAMAIS EU SI BON GO\u00dbT. Trouvez des id\u00e9es de recettes pour [&hellip;]<\/p>\n","protected":false},"author":4,"featured_media":0,"parent":0,"menu_order":0,"comment_status":"closed","ping_status":"closed","template":"","meta":{"_acf_changed":false,"footnotes":""},"class_list":["post-8123","page","type-page","status-publish","hentry"],"acf":[],"yoast_head":"<!-- This site is optimized with the Yoast SEO Premium plugin v27.3 (Yoast SEO v27.3) - https:\/\/yoast.com\/product\/yoast-seo-premium-wordpress\/ -->\n<title>Home - Mrs. Dash CA<\/title>\n<meta name=\"robots\" content=\"index, follow, max-snippet:-1, max-image-preview:large, max-video-preview:-1\" \/>\n<link rel=\"canonical\" href=\"https:\/\/mrsdash.ca\/fr_ca\/\" \/>\n<meta property=\"og:locale\" content=\"fr_CA\" \/>\n<meta property=\"og:type\" content=\"article\" \/>\n<meta property=\"og:title\" content=\"Home\" \/>\n<meta property=\"og:description\" content=\"LA REHAUSSEUR DE SAVEUR SANS SELMD Ensemble, nous pouvons transformer l\u2019alimentation pour toujours. \u00c9PICES, SANS AJOUTER DE SEL. Avec notre m\u00e9langes\" \/>\n<meta property=\"og:url\" content=\"https:\/\/mrsdash.ca\/fr_ca\/\" \/>\n<meta property=\"og:site_name\" content=\"Mrs. Dash CA\" \/>\n<meta property=\"article:modified_time\" content=\"2020-12-16T17:49:11+00:00\" \/>\n<meta property=\"og:image\" content=\"https:\/\/mrsdash.ca\/wp-content\/uploads\/default-og-image.jpg\" \/>\n\t<meta property=\"og:image:width\" content=\"1200\" \/>\n\t<meta property=\"og:image:height\" content=\"630\" \/>\n\t<meta property=\"og:image:type\" content=\"image\/jpeg\" \/>\n<meta name=\"twitter:card\" content=\"summary_large_image\" \/>\n<script type=\"application\/ld+json\" class=\"yoast-schema-graph\">{\"@context\":\"https:\\\/\\\/schema.org\",\"@graph\":[{\"@type\":\"WebPage\",\"@id\":\"https:\\\/\\\/mrsdash.ca\\\/fr_ca\\\/\",\"url\":\"https:\\\/\\\/mrsdash.ca\\\/fr_ca\\\/\",\"name\":\"Home - Mrs. Dash CA\",\"isPartOf\":{\"@id\":\"https:\\\/\\\/mrsdash.ca\\\/#website\"},\"datePublished\":\"2020-10-14T15:43:09+00:00\",\"dateModified\":\"2020-12-16T17:49:11+00:00\",\"breadcrumb\":{\"@id\":\"https:\\\/\\\/mrsdash.ca\\\/fr_ca\\\/#breadcrumb\"},\"inLanguage\":\"fr-CA\",\"potentialAction\":[{\"@type\":\"ReadAction\",\"target\":[\"https:\\\/\\\/mrsdash.ca\\\/fr_ca\\\/\"]}]},{\"@type\":\"BreadcrumbList\",\"@id\":\"https:\\\/\\\/mrsdash.ca\\\/fr_ca\\\/#breadcrumb\",\"itemListElement\":[{\"@type\":\"ListItem\",\"position\":1,\"name\":\"Home\",\"item\":\"https:\\\/\\\/mrsdash.ca\\\/fr_ca\\\/\"},{\"@type\":\"ListItem\",\"position\":2,\"name\":\"Home\"}]},{\"@type\":\"WebSite\",\"@id\":\"https:\\\/\\\/mrsdash.ca\\\/#website\",\"url\":\"https:\\\/\\\/mrsdash.ca\\\/\",\"name\":\"Mrs. Dash CA\",\"description\":\"Spice things up without adding salt. Learn about Mrs. Dash\u00ae, the salt-free alternative for spicing up your favorite meals.\",\"publisher\":{\"@id\":\"https:\\\/\\\/mrsdash.ca\\\/#organization\"},\"potentialAction\":[{\"@type\":\"SearchAction\",\"target\":{\"@type\":\"EntryPoint\",\"urlTemplate\":\"https:\\\/\\\/mrsdash.ca\\\/?s={search_term_string}\"},\"query-input\":{\"@type\":\"PropertyValueSpecification\",\"valueRequired\":true,\"valueName\":\"search_term_string\"}}],\"inLanguage\":\"fr-CA\"},{\"@type\":\"Organization\",\"@id\":\"https:\\\/\\\/mrsdash.ca\\\/#organization\",\"name\":\"Mrs. Dash\u00ae\",\"url\":\"https:\\\/\\\/mrsdash.ca\\\/\",\"logo\":{\"@type\":\"ImageObject\",\"inLanguage\":\"fr-CA\",\"@id\":\"https:\\\/\\\/mrsdash.ca\\\/#\\\/schema\\\/logo\\\/image\\\/\",\"url\":\"https:\\\/\\\/mrsdash.ca\\\/wp-content\\\/uploads\\\/logo_text.svg\",\"contentUrl\":\"https:\\\/\\\/mrsdash.ca\\\/wp-content\\\/uploads\\\/logo_text.svg\",\"width\":1,\"height\":1,\"caption\":\"Mrs. Dash\u00ae\"},\"image\":{\"@id\":\"https:\\\/\\\/mrsdash.ca\\\/#\\\/schema\\\/logo\\\/image\\\/\"}}]}<\/script>\n<!-- \/ Yoast SEO Premium plugin. -->","yoast_head_json":{"title":"Home - Mrs. Dash CA","robots":{"index":"index","follow":"follow","max-snippet":"max-snippet:-1","max-image-preview":"max-image-preview:large","max-video-preview":"max-video-preview:-1"},"canonical":"https:\/\/mrsdash.ca\/fr_ca\/","og_locale":"fr_CA","og_type":"article","og_title":"Home","og_description":"LA REHAUSSEUR DE SAVEUR SANS SELMD Ensemble, nous pouvons transformer l\u2019alimentation pour toujours. \u00c9PICES, SANS AJOUTER DE SEL. Avec notre m\u00e9langes","og_url":"https:\/\/mrsdash.ca\/fr_ca\/","og_site_name":"Mrs. Dash CA","article_modified_time":"2020-12-16T17:49:11+00:00","og_image":[{"width":1200,"height":630,"url":"https:\/\/mrsdash.ca\/wp-content\/uploads\/default-og-image.jpg","type":"image\/jpeg"}],"twitter_card":"summary_large_image","schema":{"@context":"https:\/\/schema.org","@graph":[{"@type":"WebPage","@id":"https:\/\/mrsdash.ca\/fr_ca\/","url":"https:\/\/mrsdash.ca\/fr_ca\/","name":"Home - Mrs. Dash CA","isPartOf":{"@id":"https:\/\/mrsdash.ca\/#website"},"datePublished":"2020-10-14T15:43:09+00:00","dateModified":"2020-12-16T17:49:11+00:00","breadcrumb":{"@id":"https:\/\/mrsdash.ca\/fr_ca\/#breadcrumb"},"inLanguage":"fr-CA","potentialAction":[{"@type":"ReadAction","target":["https:\/\/mrsdash.ca\/fr_ca\/"]}]},{"@type":"BreadcrumbList","@id":"https:\/\/mrsdash.ca\/fr_ca\/#breadcrumb","itemListElement":[{"@type":"ListItem","position":1,"name":"Home","item":"https:\/\/mrsdash.ca\/fr_ca\/"},{"@type":"ListItem","position":2,"name":"Home"}]},{"@type":"WebSite","@id":"https:\/\/mrsdash.ca\/#website","url":"https:\/\/mrsdash.ca\/","name":"Mrs. Dash CA","description":"Spice things up without adding salt. Learn about Mrs. Dash\u00ae, the salt-free alternative for spicing up your favorite meals.","publisher":{"@id":"https:\/\/mrsdash.ca\/#organization"},"potentialAction":[{"@type":"SearchAction","target":{"@type":"EntryPoint","urlTemplate":"https:\/\/mrsdash.ca\/?s={search_term_string}"},"query-input":{"@type":"PropertyValueSpecification","valueRequired":true,"valueName":"search_term_string"}}],"inLanguage":"fr-CA"},{"@type":"Organization","@id":"https:\/\/mrsdash.ca\/#organization","name":"Mrs. Dash\u00ae","url":"https:\/\/mrsdash.ca\/","logo":{"@type":"ImageObject","inLanguage":"fr-CA","@id":"https:\/\/mrsdash.ca\/#\/schema\/logo\/image\/","url":"https:\/\/mrsdash.ca\/wp-content\/uploads\/logo_text.svg","contentUrl":"https:\/\/mrsdash.ca\/wp-content\/uploads\/logo_text.svg","width":1,"height":1,"caption":"Mrs. Dash\u00ae"},"image":{"@id":"https:\/\/mrsdash.ca\/#\/schema\/logo\/image\/"}}]}},"_links":{"self":[{"href":"https:\/\/mrsdash.ca\/fr_ca\/wp-json\/wp\/v2\/pages\/8123","targetHints":{"allow":["GET"]}}],"collection":[{"href":"https:\/\/mrsdash.ca\/fr_ca\/wp-json\/wp\/v2\/pages"}],"about":[{"href":"https:\/\/mrsdash.ca\/fr_ca\/wp-json\/wp\/v2\/types\/page"}],"author":[{"embeddable":true,"href":"https:\/\/mrsdash.ca\/fr_ca\/wp-json\/wp\/v2\/users\/4"}],"replies":[{"embeddable":true,"href":"https:\/\/mrsdash.ca\/fr_ca\/wp-json\/wp\/v2\/comments?post=8123"}],"version-history":[{"count":0,"href":"https:\/\/mrsdash.ca\/fr_ca\/wp-json\/wp\/v2\/pages\/8123\/revisions"}],"wp:attachment":[{"href":"https:\/\/mrsdash.ca\/fr_ca\/wp-json\/wp\/v2\/media?parent=8123"}],"curies":[{"name":"wp","href":"https:\/\/api.w.org\/{rel}","templated":true}]}}