{"id":8154,"date":"2020-10-14T15:44:57","date_gmt":"2020-10-14T15:44:57","guid":{"rendered":"http:\/\/mrsdashca.wpengine.com\/about\/"},"modified":"2024-05-16T19:09:39","modified_gmt":"2024-05-16T19:09:39","slug":"about","status":"publish","type":"page","link":"https:\/\/mrsdash.ca\/fr_ca\/about\/","title":{"rendered":"LE REHAUSSEUR DE SAVEUR SANS SEL\u1d39\u1d30"},"content":{"rendered":"\t\t<div data-elementor-type=\"wp-page\" data-elementor-id=\"8154\" class=\"elementor elementor-8154 elementor-7851\" data-elementor-post-type=\"page\">\n\t\t\t\t\t\t<section class=\"elementor-section elementor-top-section elementor-element elementor-element-22cbdb6 elementor-section-boxed elementor-section-height-default elementor-section-height-default\" data-id=\"22cbdb6\" data-element_type=\"section\" data-e-type=\"section\">\n\t\t\t\t\t\t<div class=\"elementor-container elementor-column-gap-default\">\n\t\t\t\t\t<div class=\"elementor-column elementor-col-16 elementor-top-column elementor-element elementor-element-8f4739e\" data-id=\"8f4739e\" data-element_type=\"column\" data-e-type=\"column\">\n\t\t\t<div class=\"elementor-widget-wrap\">\n\t\t\t\t\t\t\t<\/div>\n\t\t<\/div>\n\t\t\t\t<div class=\"elementor-column elementor-col-66 elementor-top-column elementor-element elementor-element-473461d\" data-id=\"473461d\" data-element_type=\"column\" data-e-type=\"column\">\n\t\t\t<div class=\"elementor-widget-wrap elementor-element-populated\">\n\t\t\t\t\t\t<div class=\"elementor-element elementor-element-804fc08 elementor-widget elementor-widget-text-editor\" data-id=\"804fc08\" data-element_type=\"widget\" data-e-type=\"widget\" data-widget_type=\"text-editor.default\">\n\t\t\t\t<div class=\"elementor-widget-container\">\n\t\t\t\t\t\t\t\t\t<p>Dash fournit des solutions repas faciles \u00e0 pr\u00e9parer que toute votre famille adorera. Nous avons cr\u00e9\u00e9 Dash pour les consommateurs soucieux de r\u00e9duire leur consommation de sodium ainsi que pour ceux qui souhaitent uniquement ajouter un \u00e9clat de saveur \u00e0 leurs aliments. Les aliments devraient \u00eatre succulents et bons pour vous; vous ne regretterez jamais le sel avec Dash.\u00a0<span style=\"color: var( --e-global-color-text ); font-family: var( --e-global-typography-text-font-family ), Sans-serif; font-size: 1rem; font-weight: var( --e-global-typography-text-font-weight );\">Tous nos produits d\u2019assaisonnement Dash ne contiennent aucun sel ni GMS. Il n\u2019est pas n\u00e9cessaire de sacrifier la saveur authentique et le go\u00fbt que vous recherchez lorsque vous \u00e9liminez le sel. Des chefs amateurs de partout appr\u00e9cient nos assaisonnements de qualit\u00e9 exclusifs sans sel.\u00a0<\/span><span style=\"color: var( --e-global-color-text ); font-family: var( --e-global-typography-text-font-family ), Sans-serif; font-size: 1rem; font-weight: var( --e-global-typography-text-font-weight );\">D\u00e9barrassez-vous du sel et retrouvez toute la saveur!<\/span><\/p>\t\t\t\t\t\t\t\t<\/div>\n\t\t\t\t<\/div>\n\t\t\t\t\t<\/div>\n\t\t<\/div>\n\t\t\t\t<div class=\"elementor-column elementor-col-16 elementor-top-column elementor-element elementor-element-ae32c55\" data-id=\"ae32c55\" data-element_type=\"column\" data-e-type=\"column\">\n\t\t\t<div class=\"elementor-widget-wrap\">\n\t\t\t\t\t\t\t<\/div>\n\t\t<\/div>\n\t\t\t\t\t<\/div>\n\t\t<\/section>\n\t\t\t\t<section class=\"elementor-section elementor-top-section elementor-element elementor-element-c2e0901 elementor-section-boxed elementor-section-height-default elementor-section-height-default\" data-id=\"c2e0901\" data-element_type=\"section\" data-e-type=\"section\">\n\t\t\t\t\t\t<div class=\"elementor-container elementor-column-gap-default\">\n\t\t\t\t\t<div class=\"elementor-column elementor-col-100 elementor-top-column elementor-element elementor-element-e6e4085\" data-id=\"e6e4085\" data-element_type=\"column\" data-e-type=\"column\">\n\t\t\t<div class=\"elementor-widget-wrap elementor-element-populated\">\n\t\t\t\t\t\t<div class=\"elementor-element elementor-element-a418f90 elementor-widget elementor-widget-image\" data-id=\"a418f90\" data-element_type=\"widget\" data-e-type=\"widget\" data-widget_type=\"image.default\">\n\t\t\t\t<div class=\"elementor-widget-container\">\n\t\t\t\t\t\t\t\t\t\t\t\t\t\t\t<img fetchpriority=\"high\" decoding=\"async\" width=\"523\" height=\"356\" src=\"https:\/\/mrsdash.ca\/wp-content\/uploads\/Mrs.Dash-CA-Product-Group-Shot.png\" class=\"attachment-large size-large wp-image-8766\" alt=\"\" srcset=\"https:\/\/mrsdash.ca\/wp-content\/uploads\/Mrs.Dash-CA-Product-Group-Shot.png 523w, https:\/\/mrsdash.ca\/wp-content\/uploads\/Mrs.Dash-CA-Product-Group-Shot-300x204.png 300w\" sizes=\"(max-width: 523px) 100vw, 523px\" \/>\t\t\t\t\t\t\t\t\t\t\t\t\t\t\t<\/div>\n\t\t\t\t<\/div>\n\t\t\t\t\t<\/div>\n\t\t<\/div>\n\t\t\t\t\t<\/div>\n\t\t<\/section>\n\t\t\t\t<\/div>\n\t\t","protected":false},"excerpt":{"rendered":"<p>Dash fournit des solutions repas faciles \u00e0 pr\u00e9parer que toute votre famille adorera. Nous avons cr\u00e9\u00e9 Dash pour les consommateurs soucieux de r\u00e9duire leur consommation de sodium ainsi que pour ceux qui souhaitent uniquement ajouter un \u00e9clat de saveur \u00e0 leurs aliments. Les aliments devraient \u00eatre succulents et bons pour vous; vous ne regretterez jamais [&hellip;]<\/p>\n","protected":false},"author":4,"featured_media":8356,"parent":0,"menu_order":0,"comment_status":"closed","ping_status":"closed","template":"","meta":{"_acf_changed":false,"footnotes":""},"class_list":["post-8154","page","type-page","status-publish","has-post-thumbnail","hentry"],"acf":[],"yoast_head":"<!-- This site is optimized with the Yoast SEO Premium plugin v27.6 (Yoast SEO v27.6) - https:\/\/yoast.com\/product\/yoast-seo-premium-wordpress\/ -->\n<title>LE REHAUSSEUR DE SAVEUR SANS SEL\u1d39\u1d30 - Mrs. Dash CA<\/title>\n<meta name=\"robots\" content=\"index, follow, max-snippet:-1, max-image-preview:large, max-video-preview:-1\" \/>\n<link rel=\"canonical\" href=\"https:\/\/mrsdash.ca\/fr_ca\/about\/\" \/>\n<meta property=\"og:locale\" content=\"fr_CA\" \/>\n<meta property=\"og:type\" content=\"article\" \/>\n<meta property=\"og:title\" content=\"LE REHAUSSEUR DE SAVEUR SANS SEL\u1d39\u1d30\" \/>\n<meta property=\"og:description\" content=\"Dash fournit des solutions repas faciles \u00e0 pr\u00e9parer que toute votre famille adorera. Nous avons cr\u00e9\u00e9 Dash pour les consommateurs soucieux de r\u00e9duire leur\" \/>\n<meta property=\"og:url\" content=\"https:\/\/mrsdash.ca\/fr_ca\/about\/\" \/>\n<meta property=\"og:site_name\" content=\"Mrs. Dash CA\" \/>\n<meta property=\"article:modified_time\" content=\"2024-05-16T19:09:39+00:00\" \/>\n<meta property=\"og:image\" content=\"https:\/\/mrsdash.ca\/wp-content\/uploads\/about_header_desktop-scaled.jpg\" \/>\n\t<meta property=\"og:image:width\" content=\"2560\" \/>\n\t<meta property=\"og:image:height\" content=\"444\" \/>\n\t<meta property=\"og:image:type\" content=\"image\/jpeg\" \/>\n<meta name=\"twitter:card\" content=\"summary_large_image\" \/>\n<meta name=\"twitter:label1\" content=\"Estimation du temps de lecture\" \/>\n\t<meta name=\"twitter:data1\" content=\"1 minute\" \/>\n<script type=\"application\/ld+json\" class=\"yoast-schema-graph\">{\"@context\":\"https:\\\/\\\/schema.org\",\"@graph\":[{\"@type\":\"WebPage\",\"@id\":\"https:\\\/\\\/mrsdash.ca\\\/fr_ca\\\/about\\\/\",\"url\":\"https:\\\/\\\/mrsdash.ca\\\/fr_ca\\\/about\\\/\",\"name\":\"LE REHAUSSEUR DE SAVEUR SANS SEL\u1d39\u1d30 - Mrs. Dash CA\",\"isPartOf\":{\"@id\":\"https:\\\/\\\/mrsdash.ca\\\/#website\"},\"primaryImageOfPage\":{\"@id\":\"https:\\\/\\\/mrsdash.ca\\\/fr_ca\\\/about\\\/#primaryimage\"},\"image\":{\"@id\":\"https:\\\/\\\/mrsdash.ca\\\/fr_ca\\\/about\\\/#primaryimage\"},\"thumbnailUrl\":\"https:\\\/\\\/mrsdash.ca\\\/wp-content\\\/uploads\\\/about_header_desktop-scaled.jpg\",\"datePublished\":\"2020-10-14T15:44:57+00:00\",\"dateModified\":\"2024-05-16T19:09:39+00:00\",\"breadcrumb\":{\"@id\":\"https:\\\/\\\/mrsdash.ca\\\/fr_ca\\\/about\\\/#breadcrumb\"},\"inLanguage\":\"fr-CA\",\"potentialAction\":[{\"@type\":\"ReadAction\",\"target\":[\"https:\\\/\\\/mrsdash.ca\\\/fr_ca\\\/about\\\/\"]}]},{\"@type\":\"ImageObject\",\"inLanguage\":\"fr-CA\",\"@id\":\"https:\\\/\\\/mrsdash.ca\\\/fr_ca\\\/about\\\/#primaryimage\",\"url\":\"https:\\\/\\\/mrsdash.ca\\\/wp-content\\\/uploads\\\/about_header_desktop-scaled.jpg\",\"contentUrl\":\"https:\\\/\\\/mrsdash.ca\\\/wp-content\\\/uploads\\\/about_header_desktop-scaled.jpg\",\"width\":2560,\"height\":444},{\"@type\":\"BreadcrumbList\",\"@id\":\"https:\\\/\\\/mrsdash.ca\\\/fr_ca\\\/about\\\/#breadcrumb\",\"itemListElement\":[{\"@type\":\"ListItem\",\"position\":1,\"name\":\"Home\",\"item\":\"https:\\\/\\\/mrsdash.ca\\\/fr_ca\\\/\"},{\"@type\":\"ListItem\",\"position\":2,\"name\":\"LE REHAUSSEUR DE SAVEUR SANS SEL\u1d39\u1d30\"}]},{\"@type\":\"WebSite\",\"@id\":\"https:\\\/\\\/mrsdash.ca\\\/#website\",\"url\":\"https:\\\/\\\/mrsdash.ca\\\/\",\"name\":\"Mrs. Dash CA\",\"description\":\"Spice things up without adding salt. Learn about Mrs. Dash\u00ae, the salt-free alternative for spicing up your favorite meals.\",\"publisher\":{\"@id\":\"https:\\\/\\\/mrsdash.ca\\\/#organization\"},\"potentialAction\":[{\"@type\":\"SearchAction\",\"target\":{\"@type\":\"EntryPoint\",\"urlTemplate\":\"https:\\\/\\\/mrsdash.ca\\\/?s={search_term_string}\"},\"query-input\":{\"@type\":\"PropertyValueSpecification\",\"valueRequired\":true,\"valueName\":\"search_term_string\"}}],\"inLanguage\":\"fr-CA\"},{\"@type\":\"Organization\",\"@id\":\"https:\\\/\\\/mrsdash.ca\\\/#organization\",\"name\":\"Mrs. Dash\u00ae\",\"url\":\"https:\\\/\\\/mrsdash.ca\\\/\",\"logo\":{\"@type\":\"ImageObject\",\"inLanguage\":\"fr-CA\",\"@id\":\"https:\\\/\\\/mrsdash.ca\\\/#\\\/schema\\\/logo\\\/image\\\/\",\"url\":\"https:\\\/\\\/mrsdash.ca\\\/wp-content\\\/uploads\\\/logo_text.svg\",\"contentUrl\":\"https:\\\/\\\/mrsdash.ca\\\/wp-content\\\/uploads\\\/logo_text.svg\",\"width\":1,\"height\":1,\"caption\":\"Mrs. Dash\u00ae\"},\"image\":{\"@id\":\"https:\\\/\\\/mrsdash.ca\\\/#\\\/schema\\\/logo\\\/image\\\/\"}}]}<\/script>\n<!-- \/ Yoast SEO Premium plugin. -->","yoast_head_json":{"title":"LE REHAUSSEUR DE SAVEUR SANS SEL\u1d39\u1d30 - Mrs. Dash CA","robots":{"index":"index","follow":"follow","max-snippet":"max-snippet:-1","max-image-preview":"max-image-preview:large","max-video-preview":"max-video-preview:-1"},"canonical":"https:\/\/mrsdash.ca\/fr_ca\/about\/","og_locale":"fr_CA","og_type":"article","og_title":"LE REHAUSSEUR DE SAVEUR SANS SEL\u1d39\u1d30","og_description":"Dash fournit des solutions repas faciles \u00e0 pr\u00e9parer que toute votre famille adorera. Nous avons cr\u00e9\u00e9 Dash pour les consommateurs soucieux de r\u00e9duire leur","og_url":"https:\/\/mrsdash.ca\/fr_ca\/about\/","og_site_name":"Mrs. Dash CA","article_modified_time":"2024-05-16T19:09:39+00:00","og_image":[{"width":2560,"height":444,"url":"https:\/\/mrsdash.ca\/wp-content\/uploads\/about_header_desktop-scaled.jpg","type":"image\/jpeg"}],"twitter_card":"summary_large_image","twitter_misc":{"Estimation du temps de lecture":"1 minute"},"schema":{"@context":"https:\/\/schema.org","@graph":[{"@type":"WebPage","@id":"https:\/\/mrsdash.ca\/fr_ca\/about\/","url":"https:\/\/mrsdash.ca\/fr_ca\/about\/","name":"LE REHAUSSEUR DE SAVEUR SANS SEL\u1d39\u1d30 - Mrs. Dash CA","isPartOf":{"@id":"https:\/\/mrsdash.ca\/#website"},"primaryImageOfPage":{"@id":"https:\/\/mrsdash.ca\/fr_ca\/about\/#primaryimage"},"image":{"@id":"https:\/\/mrsdash.ca\/fr_ca\/about\/#primaryimage"},"thumbnailUrl":"https:\/\/mrsdash.ca\/wp-content\/uploads\/about_header_desktop-scaled.jpg","datePublished":"2020-10-14T15:44:57+00:00","dateModified":"2024-05-16T19:09:39+00:00","breadcrumb":{"@id":"https:\/\/mrsdash.ca\/fr_ca\/about\/#breadcrumb"},"inLanguage":"fr-CA","potentialAction":[{"@type":"ReadAction","target":["https:\/\/mrsdash.ca\/fr_ca\/about\/"]}]},{"@type":"ImageObject","inLanguage":"fr-CA","@id":"https:\/\/mrsdash.ca\/fr_ca\/about\/#primaryimage","url":"https:\/\/mrsdash.ca\/wp-content\/uploads\/about_header_desktop-scaled.jpg","contentUrl":"https:\/\/mrsdash.ca\/wp-content\/uploads\/about_header_desktop-scaled.jpg","width":2560,"height":444},{"@type":"BreadcrumbList","@id":"https:\/\/mrsdash.ca\/fr_ca\/about\/#breadcrumb","itemListElement":[{"@type":"ListItem","position":1,"name":"Home","item":"https:\/\/mrsdash.ca\/fr_ca\/"},{"@type":"ListItem","position":2,"name":"LE REHAUSSEUR DE SAVEUR SANS SEL\u1d39\u1d30"}]},{"@type":"WebSite","@id":"https:\/\/mrsdash.ca\/#website","url":"https:\/\/mrsdash.ca\/","name":"Mrs. Dash CA","description":"Spice things up without adding salt. Learn about Mrs. Dash\u00ae, the salt-free alternative for spicing up your favorite meals.","publisher":{"@id":"https:\/\/mrsdash.ca\/#organization"},"potentialAction":[{"@type":"SearchAction","target":{"@type":"EntryPoint","urlTemplate":"https:\/\/mrsdash.ca\/?s={search_term_string}"},"query-input":{"@type":"PropertyValueSpecification","valueRequired":true,"valueName":"search_term_string"}}],"inLanguage":"fr-CA"},{"@type":"Organization","@id":"https:\/\/mrsdash.ca\/#organization","name":"Mrs. Dash\u00ae","url":"https:\/\/mrsdash.ca\/","logo":{"@type":"ImageObject","inLanguage":"fr-CA","@id":"https:\/\/mrsdash.ca\/#\/schema\/logo\/image\/","url":"https:\/\/mrsdash.ca\/wp-content\/uploads\/logo_text.svg","contentUrl":"https:\/\/mrsdash.ca\/wp-content\/uploads\/logo_text.svg","width":1,"height":1,"caption":"Mrs. Dash\u00ae"},"image":{"@id":"https:\/\/mrsdash.ca\/#\/schema\/logo\/image\/"}}]}},"_links":{"self":[{"href":"https:\/\/mrsdash.ca\/fr_ca\/wp-json\/wp\/v2\/pages\/8154","targetHints":{"allow":["GET"]}}],"collection":[{"href":"https:\/\/mrsdash.ca\/fr_ca\/wp-json\/wp\/v2\/pages"}],"about":[{"href":"https:\/\/mrsdash.ca\/fr_ca\/wp-json\/wp\/v2\/types\/page"}],"author":[{"embeddable":true,"href":"https:\/\/mrsdash.ca\/fr_ca\/wp-json\/wp\/v2\/users\/4"}],"replies":[{"embeddable":true,"href":"https:\/\/mrsdash.ca\/fr_ca\/wp-json\/wp\/v2\/comments?post=8154"}],"version-history":[{"count":0,"href":"https:\/\/mrsdash.ca\/fr_ca\/wp-json\/wp\/v2\/pages\/8154\/revisions"}],"wp:featuredmedia":[{"embeddable":true,"href":"https:\/\/mrsdash.ca\/fr_ca\/wp-json\/wp\/v2\/media\/8356"}],"wp:attachment":[{"href":"https:\/\/mrsdash.ca\/fr_ca\/wp-json\/wp\/v2\/media?parent=8154"}],"curies":[{"name":"wp","href":"https:\/\/api.w.org\/{rel}","templated":true}]}}