{"id":8587,"date":"2020-12-29T17:49:47","date_gmt":"2020-12-29T18:55:15","guid":{"rendered":"http:\/\/mrsdashca.wpengine.com\/?post_type=product&#038;p=8587"},"modified":"2024-11-25T19:33:07","modified_gmt":"2024-11-25T19:33:07","slug":"mrs-dash-garlic-herb-seasoning-blend","status":"publish","type":"product","link":"https:\/\/mrsdash.ca\/fr_ca\/product\/mrs-dash-garlic-herb-seasoning-blend\/","title":{"rendered":"M\u00e9lange d\u2019assaisonnements ail et fines herbes Dash\u00ae"},"content":{"rendered":"<p>Rehaussez la saveur des plats favoris de toute la famille au poulet, au porc, au poisson, au b\u0153uf, aux l\u00e9gumes et aux p\u00e2tes avec le m\u00e9lange d&rsquo;assaisonnement Dash<sup>\u00ae<\/sup>\u00a0ail et fines herbes. C&rsquo;est un m\u00e9lange relev\u00e9 d&rsquo;ail, d&rsquo;\u00e9pices et de fines herbes comprenant de l&rsquo;origan, du persil et du poivre noir fraichement moulu. Il transforme en succ\u00e8s tout repas r\u00e9duit en sodium!<\/p>\n","protected":false},"excerpt":{"rendered":"<p>Rehaussez la saveur des plats favoris de toute la famille au poulet, au porc, au poisson, au b\u0153uf, aux l\u00e9gumes et aux p\u00e2tes avec le m\u00e9lange d&rsquo;assaisonnement Dash\u00ae\u00a0ail et fines herbes. C&rsquo;est un m\u00e9lange relev\u00e9 d&rsquo;ail, d&rsquo;\u00e9pices et de fines herbes comprenant de l&rsquo;origan, du persil et du poivre noir fraichement moulu. Il transforme en [&hellip;]<\/p>\n","protected":false},"featured_media":8804,"template":"","meta":{"_acf_changed":false},"product_brand":[],"product_cat":[274,275],"product_tag":[],"class_list":{"0":"post-8587","1":"product","2":"type-product","3":"status-publish","4":"has-post-thumbnail","6":"product_cat-featured-products","7":"product_cat-seasoning-blends","9":"first","10":"instock","11":"shipping-taxable","12":"product-type-variable"},"acf":[],"yoast_head":"<!-- This site is optimized with the Yoast SEO Premium plugin v27.3 (Yoast SEO v27.3) - https:\/\/yoast.com\/product\/yoast-seo-premium-wordpress\/ -->\n<title>M\u00e9lange d\u2019assaisonnements ail et fines herbes Dash\u00ae - Mrs. Dash CA<\/title>\n<meta name=\"robots\" content=\"index, follow, max-snippet:-1, max-image-preview:large, max-video-preview:-1\" \/>\n<link rel=\"canonical\" href=\"https:\/\/mrsdash.ca\/fr_ca\/product\/mrs-dash-garlic-herb-seasoning-blend\/\" \/>\n<meta property=\"og:locale\" content=\"fr_CA\" \/>\n<meta property=\"og:type\" content=\"article\" \/>\n<meta property=\"og:title\" content=\"M\u00e9lange d\u2019assaisonnements ail et fines herbes Dash\u00ae\" \/>\n<meta property=\"og:description\" content=\"Rehaussez la saveur des plats favoris de toute la famille au poulet, au porc, au poisson, au b\u0153uf, aux l\u00e9gumes et aux p\u00e2tes avec le m\u00e9lange\" \/>\n<meta property=\"og:url\" content=\"https:\/\/mrsdash.ca\/fr_ca\/product\/mrs-dash-garlic-herb-seasoning-blend\/\" \/>\n<meta property=\"og:site_name\" content=\"Mrs. Dash CA\" \/>\n<meta property=\"article:modified_time\" content=\"2024-11-25T19:33:07+00:00\" \/>\n<meta property=\"og:image\" content=\"https:\/\/mrsdash.ca\/wp-content\/uploads\/garlic-herb-70g.png\" \/>\n\t<meta property=\"og:image:width\" content=\"900\" \/>\n\t<meta property=\"og:image:height\" content=\"900\" \/>\n\t<meta property=\"og:image:type\" content=\"image\/png\" \/>\n<meta name=\"twitter:card\" content=\"summary_large_image\" \/>\n<meta name=\"twitter:label1\" content=\"Estimation du temps de lecture\" \/>\n\t<meta name=\"twitter:data1\" content=\"1 minute\" \/>\n<script type=\"application\/ld+json\" class=\"yoast-schema-graph\">{\"@context\":\"https:\\\/\\\/schema.org\",\"@graph\":[{\"@type\":\"WebPage\",\"@id\":\"https:\\\/\\\/mrsdash.ca\\\/fr_ca\\\/product\\\/mrs-dash-garlic-herb-seasoning-blend\\\/\",\"url\":\"https:\\\/\\\/mrsdash.ca\\\/fr_ca\\\/product\\\/mrs-dash-garlic-herb-seasoning-blend\\\/\",\"name\":\"M\u00e9lange d\u2019assaisonnements ail et fines herbes Dash\u00ae - Mrs. Dash CA\",\"isPartOf\":{\"@id\":\"https:\\\/\\\/mrsdash.ca\\\/#website\"},\"primaryImageOfPage\":{\"@id\":\"https:\\\/\\\/mrsdash.ca\\\/fr_ca\\\/product\\\/mrs-dash-garlic-herb-seasoning-blend\\\/#primaryimage\"},\"image\":{\"@id\":\"https:\\\/\\\/mrsdash.ca\\\/fr_ca\\\/product\\\/mrs-dash-garlic-herb-seasoning-blend\\\/#primaryimage\"},\"thumbnailUrl\":\"https:\\\/\\\/mrsdash.ca\\\/wp-content\\\/uploads\\\/garlic-herb-70g.png\",\"datePublished\":\"2020-12-29T18:55:15+00:00\",\"dateModified\":\"2024-11-25T19:33:07+00:00\",\"breadcrumb\":{\"@id\":\"https:\\\/\\\/mrsdash.ca\\\/fr_ca\\\/product\\\/mrs-dash-garlic-herb-seasoning-blend\\\/#breadcrumb\"},\"inLanguage\":\"fr-CA\",\"potentialAction\":[{\"@type\":\"ReadAction\",\"target\":[\"https:\\\/\\\/mrsdash.ca\\\/fr_ca\\\/product\\\/mrs-dash-garlic-herb-seasoning-blend\\\/\"]}]},{\"@type\":\"ImageObject\",\"inLanguage\":\"fr-CA\",\"@id\":\"https:\\\/\\\/mrsdash.ca\\\/fr_ca\\\/product\\\/mrs-dash-garlic-herb-seasoning-blend\\\/#primaryimage\",\"url\":\"https:\\\/\\\/mrsdash.ca\\\/wp-content\\\/uploads\\\/garlic-herb-70g.png\",\"contentUrl\":\"https:\\\/\\\/mrsdash.ca\\\/wp-content\\\/uploads\\\/garlic-herb-70g.png\",\"width\":900,\"height\":900},{\"@type\":\"BreadcrumbList\",\"@id\":\"https:\\\/\\\/mrsdash.ca\\\/fr_ca\\\/product\\\/mrs-dash-garlic-herb-seasoning-blend\\\/#breadcrumb\",\"itemListElement\":[{\"@type\":\"ListItem\",\"position\":1,\"name\":\"Home\",\"item\":\"https:\\\/\\\/mrsdash.ca\\\/fr_ca\\\/\"},{\"@type\":\"ListItem\",\"position\":2,\"name\":\"Shop\",\"item\":\"https:\\\/\\\/mrsdash.ca\\\/shop\\\/\"},{\"@type\":\"ListItem\",\"position\":3,\"name\":\"M\u00e9lange d\u2019assaisonnements ail et fines herbes Dash\u00ae\"}]},{\"@type\":\"WebSite\",\"@id\":\"https:\\\/\\\/mrsdash.ca\\\/#website\",\"url\":\"https:\\\/\\\/mrsdash.ca\\\/\",\"name\":\"Mrs. Dash CA\",\"description\":\"Spice things up without adding salt. Learn about Mrs. Dash\u00ae, the salt-free alternative for spicing up your favorite meals.\",\"publisher\":{\"@id\":\"https:\\\/\\\/mrsdash.ca\\\/#organization\"},\"potentialAction\":[{\"@type\":\"SearchAction\",\"target\":{\"@type\":\"EntryPoint\",\"urlTemplate\":\"https:\\\/\\\/mrsdash.ca\\\/?s={search_term_string}\"},\"query-input\":{\"@type\":\"PropertyValueSpecification\",\"valueRequired\":true,\"valueName\":\"search_term_string\"}}],\"inLanguage\":\"fr-CA\"},{\"@type\":\"Organization\",\"@id\":\"https:\\\/\\\/mrsdash.ca\\\/#organization\",\"name\":\"Mrs. Dash\u00ae\",\"url\":\"https:\\\/\\\/mrsdash.ca\\\/\",\"logo\":{\"@type\":\"ImageObject\",\"inLanguage\":\"fr-CA\",\"@id\":\"https:\\\/\\\/mrsdash.ca\\\/#\\\/schema\\\/logo\\\/image\\\/\",\"url\":\"https:\\\/\\\/mrsdash.ca\\\/wp-content\\\/uploads\\\/logo_text.svg\",\"contentUrl\":\"https:\\\/\\\/mrsdash.ca\\\/wp-content\\\/uploads\\\/logo_text.svg\",\"width\":1,\"height\":1,\"caption\":\"Mrs. Dash\u00ae\"},\"image\":{\"@id\":\"https:\\\/\\\/mrsdash.ca\\\/#\\\/schema\\\/logo\\\/image\\\/\"}}]}<\/script>\n<!-- \/ Yoast SEO Premium plugin. -->","yoast_head_json":{"title":"M\u00e9lange d\u2019assaisonnements ail et fines herbes Dash\u00ae - Mrs. Dash CA","robots":{"index":"index","follow":"follow","max-snippet":"max-snippet:-1","max-image-preview":"max-image-preview:large","max-video-preview":"max-video-preview:-1"},"canonical":"https:\/\/mrsdash.ca\/fr_ca\/product\/mrs-dash-garlic-herb-seasoning-blend\/","og_locale":"fr_CA","og_type":"article","og_title":"M\u00e9lange d\u2019assaisonnements ail et fines herbes Dash\u00ae","og_description":"Rehaussez la saveur des plats favoris de toute la famille au poulet, au porc, au poisson, au b\u0153uf, aux l\u00e9gumes et aux p\u00e2tes avec le m\u00e9lange","og_url":"https:\/\/mrsdash.ca\/fr_ca\/product\/mrs-dash-garlic-herb-seasoning-blend\/","og_site_name":"Mrs. Dash CA","article_modified_time":"2024-11-25T19:33:07+00:00","og_image":[{"width":900,"height":900,"url":"https:\/\/mrsdash.ca\/wp-content\/uploads\/garlic-herb-70g.png","type":"image\/png"}],"twitter_card":"summary_large_image","twitter_misc":{"Estimation du temps de lecture":"1 minute"},"schema":{"@context":"https:\/\/schema.org","@graph":[{"@type":"WebPage","@id":"https:\/\/mrsdash.ca\/fr_ca\/product\/mrs-dash-garlic-herb-seasoning-blend\/","url":"https:\/\/mrsdash.ca\/fr_ca\/product\/mrs-dash-garlic-herb-seasoning-blend\/","name":"M\u00e9lange d\u2019assaisonnements ail et fines herbes Dash\u00ae - Mrs. Dash CA","isPartOf":{"@id":"https:\/\/mrsdash.ca\/#website"},"primaryImageOfPage":{"@id":"https:\/\/mrsdash.ca\/fr_ca\/product\/mrs-dash-garlic-herb-seasoning-blend\/#primaryimage"},"image":{"@id":"https:\/\/mrsdash.ca\/fr_ca\/product\/mrs-dash-garlic-herb-seasoning-blend\/#primaryimage"},"thumbnailUrl":"https:\/\/mrsdash.ca\/wp-content\/uploads\/garlic-herb-70g.png","datePublished":"2020-12-29T18:55:15+00:00","dateModified":"2024-11-25T19:33:07+00:00","breadcrumb":{"@id":"https:\/\/mrsdash.ca\/fr_ca\/product\/mrs-dash-garlic-herb-seasoning-blend\/#breadcrumb"},"inLanguage":"fr-CA","potentialAction":[{"@type":"ReadAction","target":["https:\/\/mrsdash.ca\/fr_ca\/product\/mrs-dash-garlic-herb-seasoning-blend\/"]}]},{"@type":"ImageObject","inLanguage":"fr-CA","@id":"https:\/\/mrsdash.ca\/fr_ca\/product\/mrs-dash-garlic-herb-seasoning-blend\/#primaryimage","url":"https:\/\/mrsdash.ca\/wp-content\/uploads\/garlic-herb-70g.png","contentUrl":"https:\/\/mrsdash.ca\/wp-content\/uploads\/garlic-herb-70g.png","width":900,"height":900},{"@type":"BreadcrumbList","@id":"https:\/\/mrsdash.ca\/fr_ca\/product\/mrs-dash-garlic-herb-seasoning-blend\/#breadcrumb","itemListElement":[{"@type":"ListItem","position":1,"name":"Home","item":"https:\/\/mrsdash.ca\/fr_ca\/"},{"@type":"ListItem","position":2,"name":"Shop","item":"https:\/\/mrsdash.ca\/shop\/"},{"@type":"ListItem","position":3,"name":"M\u00e9lange d\u2019assaisonnements ail et fines herbes Dash\u00ae"}]},{"@type":"WebSite","@id":"https:\/\/mrsdash.ca\/#website","url":"https:\/\/mrsdash.ca\/","name":"Mrs. Dash CA","description":"Spice things up without adding salt. Learn about Mrs. Dash\u00ae, the salt-free alternative for spicing up your favorite meals.","publisher":{"@id":"https:\/\/mrsdash.ca\/#organization"},"potentialAction":[{"@type":"SearchAction","target":{"@type":"EntryPoint","urlTemplate":"https:\/\/mrsdash.ca\/?s={search_term_string}"},"query-input":{"@type":"PropertyValueSpecification","valueRequired":true,"valueName":"search_term_string"}}],"inLanguage":"fr-CA"},{"@type":"Organization","@id":"https:\/\/mrsdash.ca\/#organization","name":"Mrs. Dash\u00ae","url":"https:\/\/mrsdash.ca\/","logo":{"@type":"ImageObject","inLanguage":"fr-CA","@id":"https:\/\/mrsdash.ca\/#\/schema\/logo\/image\/","url":"https:\/\/mrsdash.ca\/wp-content\/uploads\/logo_text.svg","contentUrl":"https:\/\/mrsdash.ca\/wp-content\/uploads\/logo_text.svg","width":1,"height":1,"caption":"Mrs. Dash\u00ae"},"image":{"@id":"https:\/\/mrsdash.ca\/#\/schema\/logo\/image\/"}}]}},"_links":{"self":[{"href":"https:\/\/mrsdash.ca\/fr_ca\/wp-json\/wp\/v2\/product\/8587","targetHints":{"allow":["GET"]}}],"collection":[{"href":"https:\/\/mrsdash.ca\/fr_ca\/wp-json\/wp\/v2\/product"}],"about":[{"href":"https:\/\/mrsdash.ca\/fr_ca\/wp-json\/wp\/v2\/types\/product"}],"wp:featuredmedia":[{"embeddable":true,"href":"https:\/\/mrsdash.ca\/fr_ca\/wp-json\/wp\/v2\/media\/8804"}],"wp:attachment":[{"href":"https:\/\/mrsdash.ca\/fr_ca\/wp-json\/wp\/v2\/media?parent=8587"}],"wp:term":[{"taxonomy":"product_brand","embeddable":true,"href":"https:\/\/mrsdash.ca\/fr_ca\/wp-json\/wp\/v2\/product_brand?post=8587"},{"taxonomy":"product_cat","embeddable":true,"href":"https:\/\/mrsdash.ca\/fr_ca\/wp-json\/wp\/v2\/product_cat?post=8587"},{"taxonomy":"product_tag","embeddable":true,"href":"https:\/\/mrsdash.ca\/fr_ca\/wp-json\/wp\/v2\/product_tag?post=8587"}],"curies":[{"name":"wp","href":"https:\/\/api.w.org\/{rel}","templated":true}]}}