{"id":8599,"date":"2020-12-29T19:42:46","date_gmt":"2020-12-29T19:46:35","guid":{"rendered":"http:\/\/mrsdashca.wpengine.com\/?post_type=product&#038;p=8599"},"modified":"2024-11-25T19:29:34","modified_gmt":"2024-11-25T19:29:34","slug":"mrs-dash-table-blend","status":"publish","type":"product","link":"https:\/\/mrsdash.ca\/fr_ca\/product\/mrs-dash-table-blend\/","title":{"rendered":"M\u00e9lange de table Dash\u00ae"},"content":{"rendered":"<p>D\u00e9barrassez-vous du sel et ramenez toute la saveur \u00e0 votre table avec le m\u00e9lange de table Dash<sup>\u00ae<\/sup>. Quelques pinc\u00e9es de ce m\u00e9lange d\u2019assaisonnement remplacent le sel en fournissant tellement de go\u00fbt que vous l\u2019oublierez. Ces \u00e9pices et fines herbes enti\u00e8rement naturelles comme les oignons et le poivre noir rehaussent la saveur pour toutes les occasions. Cet assaisonnement sans sel est \u00e9galement id\u00e9al pour le poulet, les hamburgers, les l\u00e9gumes et les salades.<\/p>\n","protected":false},"excerpt":{"rendered":"<p>D\u00e9barrassez-vous du sel et ramenez toute la saveur \u00e0 votre table avec le m\u00e9lange de table Dash\u00ae. Quelques pinc\u00e9es de ce m\u00e9lange d\u2019assaisonnement remplacent le sel en fournissant tellement de go\u00fbt que vous l\u2019oublierez. Ces \u00e9pices et fines herbes enti\u00e8rement naturelles comme les oignons et le poivre noir rehaussent la saveur pour toutes les occasions. [&hellip;]<\/p>\n","protected":false},"featured_media":8815,"template":"","meta":{"_acf_changed":false},"product_brand":[],"product_cat":[274,275],"product_tag":[],"class_list":{"0":"post-8599","1":"product","2":"type-product","3":"status-publish","4":"has-post-thumbnail","6":"product_cat-featured-products","7":"product_cat-seasoning-blends","9":"first","10":"instock","11":"shipping-taxable","12":"product-type-variable"},"acf":[],"yoast_head":"<!-- This site is optimized with the Yoast SEO Premium plugin v27.3 (Yoast SEO v27.3) - https:\/\/yoast.com\/product\/yoast-seo-premium-wordpress\/ -->\n<title>M\u00e9lange de table Dash\u00ae - Mrs. Dash CA<\/title>\n<meta name=\"robots\" content=\"index, follow, max-snippet:-1, max-image-preview:large, max-video-preview:-1\" \/>\n<link rel=\"canonical\" href=\"https:\/\/mrsdash.ca\/fr_ca\/product\/mrs-dash-table-blend\/\" \/>\n<meta property=\"og:locale\" content=\"fr_CA\" \/>\n<meta property=\"og:type\" content=\"article\" \/>\n<meta property=\"og:title\" content=\"M\u00e9lange de table Dash\u00ae\" \/>\n<meta property=\"og:description\" content=\"D\u00e9barrassez-vous du sel et ramenez toute la saveur \u00e0 votre table avec le m\u00e9lange de table Dash\u00ae. Quelques pinc\u00e9es de ce m\u00e9lange d\u2019assaisonnement\" \/>\n<meta property=\"og:url\" content=\"https:\/\/mrsdash.ca\/fr_ca\/product\/mrs-dash-table-blend\/\" \/>\n<meta property=\"og:site_name\" content=\"Mrs. Dash CA\" \/>\n<meta property=\"article:modified_time\" content=\"2024-11-25T19:29:34+00:00\" \/>\n<meta property=\"og:image\" content=\"https:\/\/mrsdash.ca\/wp-content\/uploads\/Untitled-10.png\" \/>\n\t<meta property=\"og:image:width\" content=\"900\" \/>\n\t<meta property=\"og:image:height\" content=\"900\" \/>\n\t<meta property=\"og:image:type\" content=\"image\/png\" \/>\n<meta name=\"twitter:card\" content=\"summary_large_image\" \/>\n<meta name=\"twitter:label1\" content=\"Estimation du temps de lecture\" \/>\n\t<meta name=\"twitter:data1\" content=\"1 minute\" \/>\n<script type=\"application\/ld+json\" class=\"yoast-schema-graph\">{\"@context\":\"https:\\\/\\\/schema.org\",\"@graph\":[{\"@type\":\"WebPage\",\"@id\":\"https:\\\/\\\/mrsdash.ca\\\/fr_ca\\\/product\\\/mrs-dash-table-blend\\\/\",\"url\":\"https:\\\/\\\/mrsdash.ca\\\/fr_ca\\\/product\\\/mrs-dash-table-blend\\\/\",\"name\":\"M\u00e9lange de table Dash\u00ae - Mrs. Dash CA\",\"isPartOf\":{\"@id\":\"https:\\\/\\\/mrsdash.ca\\\/#website\"},\"primaryImageOfPage\":{\"@id\":\"https:\\\/\\\/mrsdash.ca\\\/fr_ca\\\/product\\\/mrs-dash-table-blend\\\/#primaryimage\"},\"image\":{\"@id\":\"https:\\\/\\\/mrsdash.ca\\\/fr_ca\\\/product\\\/mrs-dash-table-blend\\\/#primaryimage\"},\"thumbnailUrl\":\"https:\\\/\\\/mrsdash.ca\\\/wp-content\\\/uploads\\\/Untitled-10.png\",\"datePublished\":\"2020-12-29T19:46:35+00:00\",\"dateModified\":\"2024-11-25T19:29:34+00:00\",\"breadcrumb\":{\"@id\":\"https:\\\/\\\/mrsdash.ca\\\/fr_ca\\\/product\\\/mrs-dash-table-blend\\\/#breadcrumb\"},\"inLanguage\":\"fr-CA\",\"potentialAction\":[{\"@type\":\"ReadAction\",\"target\":[\"https:\\\/\\\/mrsdash.ca\\\/fr_ca\\\/product\\\/mrs-dash-table-blend\\\/\"]}]},{\"@type\":\"ImageObject\",\"inLanguage\":\"fr-CA\",\"@id\":\"https:\\\/\\\/mrsdash.ca\\\/fr_ca\\\/product\\\/mrs-dash-table-blend\\\/#primaryimage\",\"url\":\"https:\\\/\\\/mrsdash.ca\\\/wp-content\\\/uploads\\\/Untitled-10.png\",\"contentUrl\":\"https:\\\/\\\/mrsdash.ca\\\/wp-content\\\/uploads\\\/Untitled-10.png\",\"width\":900,\"height\":900},{\"@type\":\"BreadcrumbList\",\"@id\":\"https:\\\/\\\/mrsdash.ca\\\/fr_ca\\\/product\\\/mrs-dash-table-blend\\\/#breadcrumb\",\"itemListElement\":[{\"@type\":\"ListItem\",\"position\":1,\"name\":\"Home\",\"item\":\"https:\\\/\\\/mrsdash.ca\\\/fr_ca\\\/\"},{\"@type\":\"ListItem\",\"position\":2,\"name\":\"Shop\",\"item\":\"https:\\\/\\\/mrsdash.ca\\\/shop\\\/\"},{\"@type\":\"ListItem\",\"position\":3,\"name\":\"M\u00e9lange de table Dash\u00ae\"}]},{\"@type\":\"WebSite\",\"@id\":\"https:\\\/\\\/mrsdash.ca\\\/#website\",\"url\":\"https:\\\/\\\/mrsdash.ca\\\/\",\"name\":\"Mrs. Dash CA\",\"description\":\"Spice things up without adding salt. Learn about Mrs. Dash\u00ae, the salt-free alternative for spicing up your favorite meals.\",\"publisher\":{\"@id\":\"https:\\\/\\\/mrsdash.ca\\\/#organization\"},\"potentialAction\":[{\"@type\":\"SearchAction\",\"target\":{\"@type\":\"EntryPoint\",\"urlTemplate\":\"https:\\\/\\\/mrsdash.ca\\\/?s={search_term_string}\"},\"query-input\":{\"@type\":\"PropertyValueSpecification\",\"valueRequired\":true,\"valueName\":\"search_term_string\"}}],\"inLanguage\":\"fr-CA\"},{\"@type\":\"Organization\",\"@id\":\"https:\\\/\\\/mrsdash.ca\\\/#organization\",\"name\":\"Mrs. Dash\u00ae\",\"url\":\"https:\\\/\\\/mrsdash.ca\\\/\",\"logo\":{\"@type\":\"ImageObject\",\"inLanguage\":\"fr-CA\",\"@id\":\"https:\\\/\\\/mrsdash.ca\\\/#\\\/schema\\\/logo\\\/image\\\/\",\"url\":\"https:\\\/\\\/mrsdash.ca\\\/wp-content\\\/uploads\\\/logo_text.svg\",\"contentUrl\":\"https:\\\/\\\/mrsdash.ca\\\/wp-content\\\/uploads\\\/logo_text.svg\",\"width\":1,\"height\":1,\"caption\":\"Mrs. Dash\u00ae\"},\"image\":{\"@id\":\"https:\\\/\\\/mrsdash.ca\\\/#\\\/schema\\\/logo\\\/image\\\/\"}}]}<\/script>\n<!-- \/ Yoast SEO Premium plugin. -->","yoast_head_json":{"title":"M\u00e9lange de table Dash\u00ae - Mrs. Dash CA","robots":{"index":"index","follow":"follow","max-snippet":"max-snippet:-1","max-image-preview":"max-image-preview:large","max-video-preview":"max-video-preview:-1"},"canonical":"https:\/\/mrsdash.ca\/fr_ca\/product\/mrs-dash-table-blend\/","og_locale":"fr_CA","og_type":"article","og_title":"M\u00e9lange de table Dash\u00ae","og_description":"D\u00e9barrassez-vous du sel et ramenez toute la saveur \u00e0 votre table avec le m\u00e9lange de table Dash\u00ae. Quelques pinc\u00e9es de ce m\u00e9lange d\u2019assaisonnement","og_url":"https:\/\/mrsdash.ca\/fr_ca\/product\/mrs-dash-table-blend\/","og_site_name":"Mrs. Dash CA","article_modified_time":"2024-11-25T19:29:34+00:00","og_image":[{"width":900,"height":900,"url":"https:\/\/mrsdash.ca\/wp-content\/uploads\/Untitled-10.png","type":"image\/png"}],"twitter_card":"summary_large_image","twitter_misc":{"Estimation du temps de lecture":"1 minute"},"schema":{"@context":"https:\/\/schema.org","@graph":[{"@type":"WebPage","@id":"https:\/\/mrsdash.ca\/fr_ca\/product\/mrs-dash-table-blend\/","url":"https:\/\/mrsdash.ca\/fr_ca\/product\/mrs-dash-table-blend\/","name":"M\u00e9lange de table Dash\u00ae - Mrs. Dash CA","isPartOf":{"@id":"https:\/\/mrsdash.ca\/#website"},"primaryImageOfPage":{"@id":"https:\/\/mrsdash.ca\/fr_ca\/product\/mrs-dash-table-blend\/#primaryimage"},"image":{"@id":"https:\/\/mrsdash.ca\/fr_ca\/product\/mrs-dash-table-blend\/#primaryimage"},"thumbnailUrl":"https:\/\/mrsdash.ca\/wp-content\/uploads\/Untitled-10.png","datePublished":"2020-12-29T19:46:35+00:00","dateModified":"2024-11-25T19:29:34+00:00","breadcrumb":{"@id":"https:\/\/mrsdash.ca\/fr_ca\/product\/mrs-dash-table-blend\/#breadcrumb"},"inLanguage":"fr-CA","potentialAction":[{"@type":"ReadAction","target":["https:\/\/mrsdash.ca\/fr_ca\/product\/mrs-dash-table-blend\/"]}]},{"@type":"ImageObject","inLanguage":"fr-CA","@id":"https:\/\/mrsdash.ca\/fr_ca\/product\/mrs-dash-table-blend\/#primaryimage","url":"https:\/\/mrsdash.ca\/wp-content\/uploads\/Untitled-10.png","contentUrl":"https:\/\/mrsdash.ca\/wp-content\/uploads\/Untitled-10.png","width":900,"height":900},{"@type":"BreadcrumbList","@id":"https:\/\/mrsdash.ca\/fr_ca\/product\/mrs-dash-table-blend\/#breadcrumb","itemListElement":[{"@type":"ListItem","position":1,"name":"Home","item":"https:\/\/mrsdash.ca\/fr_ca\/"},{"@type":"ListItem","position":2,"name":"Shop","item":"https:\/\/mrsdash.ca\/shop\/"},{"@type":"ListItem","position":3,"name":"M\u00e9lange de table Dash\u00ae"}]},{"@type":"WebSite","@id":"https:\/\/mrsdash.ca\/#website","url":"https:\/\/mrsdash.ca\/","name":"Mrs. Dash CA","description":"Spice things up without adding salt. Learn about Mrs. Dash\u00ae, the salt-free alternative for spicing up your favorite meals.","publisher":{"@id":"https:\/\/mrsdash.ca\/#organization"},"potentialAction":[{"@type":"SearchAction","target":{"@type":"EntryPoint","urlTemplate":"https:\/\/mrsdash.ca\/?s={search_term_string}"},"query-input":{"@type":"PropertyValueSpecification","valueRequired":true,"valueName":"search_term_string"}}],"inLanguage":"fr-CA"},{"@type":"Organization","@id":"https:\/\/mrsdash.ca\/#organization","name":"Mrs. Dash\u00ae","url":"https:\/\/mrsdash.ca\/","logo":{"@type":"ImageObject","inLanguage":"fr-CA","@id":"https:\/\/mrsdash.ca\/#\/schema\/logo\/image\/","url":"https:\/\/mrsdash.ca\/wp-content\/uploads\/logo_text.svg","contentUrl":"https:\/\/mrsdash.ca\/wp-content\/uploads\/logo_text.svg","width":1,"height":1,"caption":"Mrs. Dash\u00ae"},"image":{"@id":"https:\/\/mrsdash.ca\/#\/schema\/logo\/image\/"}}]}},"_links":{"self":[{"href":"https:\/\/mrsdash.ca\/fr_ca\/wp-json\/wp\/v2\/product\/8599","targetHints":{"allow":["GET"]}}],"collection":[{"href":"https:\/\/mrsdash.ca\/fr_ca\/wp-json\/wp\/v2\/product"}],"about":[{"href":"https:\/\/mrsdash.ca\/fr_ca\/wp-json\/wp\/v2\/types\/product"}],"wp:featuredmedia":[{"embeddable":true,"href":"https:\/\/mrsdash.ca\/fr_ca\/wp-json\/wp\/v2\/media\/8815"}],"wp:attachment":[{"href":"https:\/\/mrsdash.ca\/fr_ca\/wp-json\/wp\/v2\/media?parent=8599"}],"wp:term":[{"taxonomy":"product_brand","embeddable":true,"href":"https:\/\/mrsdash.ca\/fr_ca\/wp-json\/wp\/v2\/product_brand?post=8599"},{"taxonomy":"product_cat","embeddable":true,"href":"https:\/\/mrsdash.ca\/fr_ca\/wp-json\/wp\/v2\/product_cat?post=8599"},{"taxonomy":"product_tag","embeddable":true,"href":"https:\/\/mrsdash.ca\/fr_ca\/wp-json\/wp\/v2\/product_tag?post=8599"}],"curies":[{"name":"wp","href":"https:\/\/api.w.org\/{rel}","templated":true}]}}